{"id":3588,"date":"2017-06-27T12:43:06","date_gmt":"2017-06-27T12:43:06","guid":{"rendered":"http:\/\/inspirythemesdemo.com\/realplaces\/?page_id=3580"},"modified":"2017-11-30T00:28:29","modified_gmt":"2017-11-30T00:28:29","slug":"faqs","status":"publish","type":"page","link":"https:\/\/www.eska.cl\/?page_id=3588","title":{"rendered":"FAQs"},"content":{"rendered":"            <div class=\"qae-faqs-container qae-faqs-toggle-container\">\n\t\t\t\t\t\t\t<ul class=\"qe-faqs-filters-container\">\n\t\t\t\t<li class=\"active\"><a class=\"qe-faqs-filter all-faqs\" href=\"#\" data-filter=\"*\">Todo<\/a><\/li>\n\t\t\t\t<li><a class=\"qe-faqs-filter\" href=\"#gestion-financiera\" data-filter=\".gestion-financiera\">Gesti\u00f3n Financiera<\/a><\/li><li><a class=\"qe-faqs-filter\" href=\"#gestion-inmobiliaria\" data-filter=\".gestion-inmobiliaria\">Gesti\u00f3n Inmobiliaria<\/a><\/li><li><a class=\"qe-faqs-filter\" href=\"#otras-gestiones\" data-filter=\".otras-gestiones\">Otras Gestiones<\/a><\/li>\t\t\t<\/ul>\n\t\t\t\t\t<div id=\"qaef-3553\" class=\"qe-faq-toggle otras-gestiones\">\n\t\t\t<div class=\"qe-toggle-title\">\n\t\t\t\t<h4>\n\t\t\t\t\t<i class=\"fa fa-minus-circle\"><\/i> \u00bfQue gestiones financieras realizan, aparte de la inmobiliaria?\t\t\t\t<\/h4>\n\t\t\t<\/div>\n\t\t\t<div class=\"qe-toggle-content\">\n\t\t\t\t<p style=\"text-align: justify\">Nosotros aparte de la inmobiliaria, gestionamos Exclusiones eliminaciones, deudas castigadas y vencidas, Solicitudes bancarias, desbloqueo, desmarque, Bancarizaciones, Gesti\u00f3n de Cr\u00e9ditos de consumo en 24 horas, Gesti\u00f3n de cr\u00e9ditos Hipotecarios, Compras de cartera: juntamos todas sus deudas en un solo cr\u00e9dito con una cuota m\u00e1s baja, Pagamos deudas impagas, vencidas, morosas, protestadas y castigadas, Demandas prescritas, Aperturas de cuentas corrientes, Ubicaci\u00f3n, aclaraci\u00f3n: cheques protestados\/ extraviados, Limpieza tributaria, Confecci\u00f3n de sociedades, Problemas de cobranzas, embargos y remates, Prescripciones, terciarias y abandono de procedimiento, Asuntos legales.<\/p>\n\t\t\t<\/div>\n\t\t<\/div>\n\t\t\t\t<div id=\"qaef-3555\" class=\"qe-faq-toggle gestion-financiera\">\n\t\t\t<div class=\"qe-toggle-title\">\n\t\t\t\t<h4>\n\t\t\t\t\t<i class=\"fa fa-minus-circle\"><\/i> \u00bfCuanto se demora en aprobar un cr\u00e9dito de consumo ?\t\t\t\t<\/h4>\n\t\t\t<\/div>\n\t\t\t<div class=\"qe-toggle-content\">\n\t\t\t\t<p style=\"text-align: justify\">Nosotros como asesores financieros gestionamos con las distintas entidades financieras\u00a0 en un tiempo de duraci\u00f3n de 24 Hrs. Para dar respuesta a nuestros clientes.<\/p>\n\t\t\t<\/div>\n\t\t<\/div>\n\t\t\t\t<div id=\"qaef-3556\" class=\"qe-faq-toggle gestion-financiera\">\n\t\t\t<div class=\"qe-toggle-title\">\n\t\t\t\t<h4>\n\t\t\t\t\t<i class=\"fa fa-minus-circle\"><\/i> \u00bfCuanto se demora en aprobar un cr\u00e9dito Hipotecario?\t\t\t\t<\/h4>\n\t\t\t<\/div>\n\t\t\t<div class=\"qe-toggle-content\">\n\t\t\t\t<p>La duraci\u00f3n de un cr\u00e9dito Hipotecario aproximadamente se demora 5 d\u00edas h\u00e1biles en dar respuesta a nuestros clientes con el monto aprobado y fecha de caducaci\u00f3n.<\/p>\n\t\t\t<\/div>\n\t\t<\/div>\n\t\t\t\t<div id=\"qaef-3557\" class=\"qe-faq-toggle gestion-inmobiliaria\">\n\t\t\t<div class=\"qe-toggle-title\">\n\t\t\t\t<h4>\n\t\t\t\t\t<i class=\"fa fa-minus-circle\"><\/i> \u00bfCuanto financia el banco al comprar una propiedad?\t\t\t\t<\/h4>\n\t\t\t<\/div>\n\t\t\t<div class=\"qe-toggle-content\">\n\t\t\t\t<p>Esto va a depender de cada banco y cada cliente, aunque la mayor\u00eda de las veces se financia hasta un 90%.<\/p>\n\t\t\t<\/div>\n\t\t<\/div>\n\t\t\t\t<div id=\"qaef-3558\" class=\"qe-faq-toggle gestion-inmobiliaria\">\n\t\t\t<div class=\"qe-toggle-title\">\n\t\t\t\t<h4>\n\t\t\t\t\t<i class=\"fa fa-minus-circle\"><\/i> \u00bfQue beneficios adquiere el comprador al tramitar una gesti\u00f3n Hipotecaria con nosotros?\t\t\t\t<\/h4>\n\t\t\t<\/div>\n\t\t\t<div class=\"qe-toggle-content\">\n\t\t\t\t<p>Los Beneficios que el cliente adquiere al gestionar un cr\u00e9dito Hipotecario  con nosotros es  que los asesores financieros encontraran la mejor opci\u00f3n de cr\u00e9dito al cliente. <\/p>\n\t\t\t<\/div>\n\t\t<\/div>\n\t\t            <\/div>\n\t\t\n","protected":false},"excerpt":{"rendered":"Los Beneficios que el cliente adquiere al gestionar un cr\u00e9dito Hipotecario con nosotros es que los asesores financieros encontraran la mejor opci\u00f3n de cr\u00e9dito al cliente.","protected":false},"author":1,"featured_media":0,"parent":0,"menu_order":0,"comment_status":"closed","ping_status":"closed","template":"","meta":{"_joinchat":[],"footnotes":""},"class_list":["post-3588","page","type-page","status-publish","hentry"],"_links":{"self":[{"href":"https:\/\/www.eska.cl\/index.php?rest_route=\/wp\/v2\/pages\/3588"}],"collection":[{"href":"https:\/\/www.eska.cl\/index.php?rest_route=\/wp\/v2\/pages"}],"about":[{"href":"https:\/\/www.eska.cl\/index.php?rest_route=\/wp\/v2\/types\/page"}],"author":[{"embeddable":true,"href":"https:\/\/www.eska.cl\/index.php?rest_route=\/wp\/v2\/users\/1"}],"replies":[{"embeddable":true,"href":"https:\/\/www.eska.cl\/index.php?rest_route=%2Fwp%2Fv2%2Fcomments&post=3588"}],"version-history":[{"count":2,"href":"https:\/\/www.eska.cl\/index.php?rest_route=\/wp\/v2\/pages\/3588\/revisions"}],"predecessor-version":[{"id":4822,"href":"https:\/\/www.eska.cl\/index.php?rest_route=\/wp\/v2\/pages\/3588\/revisions\/4822"}],"wp:attachment":[{"href":"https:\/\/www.eska.cl\/index.php?rest_route=%2Fwp%2Fv2%2Fmedia&parent=3588"}],"curies":[{"name":"wp","href":"https:\/\/api.w.org\/{rel}","templated":true}]}}