{"id":4565,"date":"2017-11-17T18:57:35","date_gmt":"2017-11-17T18:57:35","guid":{"rendered":"http:\/\/www.eska.cl\/?page_id=4565"},"modified":"2025-01-02T20:37:25","modified_gmt":"2025-01-02T23:37:25","slug":"servicios","status":"publish","type":"page","link":"https:\/\/www.eska.cl\/?page_id=4565","title":{"rendered":"Servicios"},"content":{"rendered":"<div class=\"wpb-content-wrapper\"><p>[vc_row][vc_column][vc_empty_space][vc_row_inner][vc_column_inner width=&#8221;1\/6&#8243;][\/vc_column_inner][vc_column_inner width=&#8221;2\/3&#8243;][vc_single_image image=&#8221;7276&#8243; img_size=&#8221;full&#8221; alignment=&#8221;center&#8221; css_animation=&#8221;fadeInUp&#8221;][\/vc_column_inner][vc_column_inner width=&#8221;1\/6&#8243;][\/vc_column_inner][\/vc_row_inner][\/vc_column][\/vc_row][vc_row][vc_column][vc_row_inner][vc_column_inner][vc_column_text css_animation=&#8221;fadeInUpBig&#8221; css=&#8221;&#8221;]<\/p>\n<p style=\"text-align: justify;\">Ofrecemos nuestros servicios en la gesti\u00f3n de venta, el arriendo de propiedades urbanas y terreno buscando las mejores condiciones en la relaci\u00f3n precio &#8211; calidad en el mercado.<\/p>\n<p style=\"text-align: justify;\">Ponemos a disposici\u00f3n de nuestros clientes nuestros conocimientos, experiencia y medios publicitarios\u00a0 para concretar la gesti\u00f3n encomendada, en el menor tiempo posible.<\/p>\n<p style=\"text-align: justify;\">Asesor\u00eda integral en compra venta, arriendos y administraciones.<\/p>\n<h3 style=\"text-align: center;\">Todos nuestros servicios a su disposici\u00f3n para encontrar su hogar,\u00a0 en un lugar donde usted dar\u00e1 comienzo a una historia.<\/h3>\n<p>[\/vc_column_text][\/vc_column_inner][\/vc_row_inner][\/vc_column][\/vc_row][vc_row][vc_column][vc_separator css_animation=&#8221;fadeInLeft&#8221;][\/vc_column][\/vc_row][vc_row][vc_column][vc_custom_heading text=&#8221;Servicios Adicionales&#8221; font_container=&#8221;tag:h1|font_size:25|text_align:center&#8221; use_theme_fonts=&#8221;yes&#8221; css_animation=&#8221;fadeInLeft&#8221;][vc_row_inner][vc_column_inner width=&#8221;1\/2&#8243;][\/vc_column_inner][vc_column_inner width=&#8221;1\/2&#8243;][\/vc_column_inner][\/vc_row_inner][\/vc_column][\/vc_row][vc_row][vc_column width=&#8221;1\/6&#8243;][\/vc_column][vc_column width=&#8221;2\/3&#8243;][vc_btn title=&#8221;Cont\u00e1ctanos&#8221; color=&#8221;primary&#8221; size=&#8221;lg&#8221; align=&#8221;center&#8221; i_icon_fontawesome=&#8221;fa fa-comments&#8221; css_animation=&#8221;fadeInUpBig&#8221; button_block=&#8221;true&#8221; add_icon=&#8221;true&#8221; link=&#8221;url:http%3A%2F%2Fwww.eska.cl%2Fcontacto%2F|||&#8221;][\/vc_column][vc_column width=&#8221;1\/6&#8243;][\/vc_column][\/vc_row]<\/p>\n<\/div>","protected":false},"excerpt":{"rendered":"<p>[vc_row][vc_column][vc_empty_space][vc_row_inner][vc_column_inner width=&#8221;1\/6&#8243;][\/vc_column_inner][vc_column_inner width=&#8221;2\/3&#8243;][vc_single_image image=&#8221;7276&#8243; img_size=&#8221;full&#8221; alignment=&#8221;center&#8221; css_animation=&#8221;fadeInUp&#8221;][\/vc_column_inner][vc_column_inner width=&#8221;1\/6&#8243;][\/vc_column_inner][\/vc_row_inner][\/vc_column][\/vc_row][vc_row][vc_column][vc_row_inner][vc_column_inner][vc_column_text css_animation=&#8221;fadeInUpBig&#8221; css=&#8221;&#8221;] Ofrecemos nuestros servicios en la gesti\u00f3n de venta, el arriendo de propiedades urbanas y terreno buscando las mejores condiciones en la relaci\u00f3n precio &#8211; calidad en el mercado. Ponemos a disposici\u00f3n de nuestros clientes nuestros conocimientos, experiencia y medios publicitarios\u00a0 para concretar la gesti\u00f3n encomendada,&#8230;<\/p>\n","protected":false},"author":1,"featured_media":0,"parent":0,"menu_order":0,"comment_status":"closed","ping_status":"closed","template":"","meta":{"_joinchat":[],"footnotes":""},"class_list":["post-4565","page","type-page","status-publish","hentry"],"_links":{"self":[{"href":"https:\/\/www.eska.cl\/index.php?rest_route=\/wp\/v2\/pages\/4565"}],"collection":[{"href":"https:\/\/www.eska.cl\/index.php?rest_route=\/wp\/v2\/pages"}],"about":[{"href":"https:\/\/www.eska.cl\/index.php?rest_route=\/wp\/v2\/types\/page"}],"author":[{"embeddable":true,"href":"https:\/\/www.eska.cl\/index.php?rest_route=\/wp\/v2\/users\/1"}],"replies":[{"embeddable":true,"href":"https:\/\/www.eska.cl\/index.php?rest_route=%2Fwp%2Fv2%2Fcomments&post=4565"}],"version-history":[{"count":10,"href":"https:\/\/www.eska.cl\/index.php?rest_route=\/wp\/v2\/pages\/4565\/revisions"}],"predecessor-version":[{"id":8043,"href":"https:\/\/www.eska.cl\/index.php?rest_route=\/wp\/v2\/pages\/4565\/revisions\/8043"}],"wp:attachment":[{"href":"https:\/\/www.eska.cl\/index.php?rest_route=%2Fwp%2Fv2%2Fmedia&parent=4565"}],"curies":[{"name":"wp","href":"https:\/\/api.w.org\/{rel}","templated":true}]}}