{"id":4652,"date":"2017-11-20T02:12:16","date_gmt":"2017-11-20T02:12:16","guid":{"rendered":"http:\/\/www.eska.cl\/?page_id=4652"},"modified":"2024-07-29T13:09:48","modified_gmt":"2024-07-29T16:09:48","slug":"quienes-somos","status":"publish","type":"page","link":"https:\/\/www.eska.cl\/?page_id=4652","title":{"rendered":"\u00bfQui\u00e9nes Somos?"},"content":{"rendered":"<div class=\"wpb-content-wrapper\"><p>[vc_row][vc_column][vc_wp_text]En Eska Propiedades, somos una corredora de propiedades ubicada en Antofagasta, especializada en ofrecer un completo servicio de asesor\u00eda inmobiliaria. Nos dedicamos a la gesti\u00f3n de arriendos, la venta de inmuebles y la administraci\u00f3n de propiedades. Nuestro objetivo es proporcionar soluciones personalizadas y efectivas, garantizando la satisfacci\u00f3n de nuestros clientes a trav\u00e9s de un servicio profesional y confiable.[\/vc_wp_text][\/vc_column][\/vc_row][vc_row][vc_column width=&#8221;1\/3&#8243;][\/vc_column][vc_column width=&#8221;1\/3&#8243;][vc_single_image image=&#8221;7832&#8243;][\/vc_column][vc_column width=&#8221;1\/3&#8243;][\/vc_column][\/vc_row]<\/p>\n<\/div>","protected":false},"excerpt":{"rendered":"<p>[vc_row][vc_column][vc_wp_text]En Eska Propiedades, somos una corredora de propiedades ubicada en Antofagasta, especializada en ofrecer un completo servicio de asesor\u00eda inmobiliaria. Nos dedicamos a la gesti\u00f3n de arriendos, la venta de inmuebles y la administraci\u00f3n de propiedades. Nuestro objetivo es proporcionar soluciones personalizadas y efectivas, garantizando la satisfacci\u00f3n de nuestros clientes a trav\u00e9s de un servicio&#8230;<\/p>\n","protected":false},"author":1,"featured_media":0,"parent":0,"menu_order":0,"comment_status":"closed","ping_status":"closed","template":"","meta":{"_joinchat":[],"footnotes":""},"class_list":["post-4652","page","type-page","status-publish","hentry"],"_links":{"self":[{"href":"https:\/\/www.eska.cl\/index.php?rest_route=\/wp\/v2\/pages\/4652"}],"collection":[{"href":"https:\/\/www.eska.cl\/index.php?rest_route=\/wp\/v2\/pages"}],"about":[{"href":"https:\/\/www.eska.cl\/index.php?rest_route=\/wp\/v2\/types\/page"}],"author":[{"embeddable":true,"href":"https:\/\/www.eska.cl\/index.php?rest_route=\/wp\/v2\/users\/1"}],"replies":[{"embeddable":true,"href":"https:\/\/www.eska.cl\/index.php?rest_route=%2Fwp%2Fv2%2Fcomments&post=4652"}],"version-history":[{"count":13,"href":"https:\/\/www.eska.cl\/index.php?rest_route=\/wp\/v2\/pages\/4652\/revisions"}],"predecessor-version":[{"id":7839,"href":"https:\/\/www.eska.cl\/index.php?rest_route=\/wp\/v2\/pages\/4652\/revisions\/7839"}],"wp:attachment":[{"href":"https:\/\/www.eska.cl\/index.php?rest_route=%2Fwp%2Fv2%2Fmedia&parent=4652"}],"curies":[{"name":"wp","href":"https:\/\/api.w.org\/{rel}","templated":true}]}}